{"id":24,"date":"2025-11-18T17:47:27","date_gmt":"2025-11-18T16:47:27","guid":{"rendered":"https:\/\/pretty-care.com\/?page_id=24"},"modified":"2026-03-15T14:31:39","modified_gmt":"2026-03-15T13:31:39","slug":"kontakt","status":"publish","type":"page","link":"https:\/\/pretty-care.com\/de\/kontakt\/","title":{"rendered":"Kontaktieren Sie uns"},"content":{"rendered":"<section class=\"contact-form align b-section\" style=\"\">\n        \n        <section class=\"relative mb-10 md:mb-20 overflow-hidden breathtaking-desinger-container\">\n            <img decoding=\"async\" class=\"absolute object-cover w-full h-full pointer-events-none\" loading=\"lazy\"\n                src=\"https:\/\/pretty-care.com\/wp-content\/themes\/prettycarewp2026v1\/resources\/images\/about_bg_yellow_paper.png\" alt=\"background\" \/>\n            <div class=\"wrapper relative px-4 py-10\">\n                <div\n                    class=\"bg-white shadow-xl border-1 border-[var(--gold)] rounded-[63px] flex flex-wrap gap-5 justify-around my-10 md:my-20 md:max-w-[850px] mx-auto py-10 px-2 md:p-8\">\n                    \n<div class=\"wpcf7 no-js\" id=\"wpcf7-f13-o1\" lang=\"pl-PL\" dir=\"ltr\" data-wpcf7-id=\"13\">\n<div class=\"screen-reader-response\"><p role=\"status\" aria-live=\"polite\" aria-atomic=\"true\"><\/p> <ul><\/ul><\/div>\n<form action=\"\/de\/wp-json\/wp\/v2\/pages\/24#wpcf7-f13-o1\" method=\"post\" class=\"wpcf7-form init\" aria-label=\"Formularz kontaktowy\" novalidate=\"novalidate\" data-status=\"init\">\n<fieldset class=\"hidden-fields-container\"><input type=\"hidden\" name=\"_wpcf7\" value=\"13\" \/><input type=\"hidden\" name=\"_wpcf7_version\" value=\"6.1.5\" \/><input type=\"hidden\" name=\"_wpcf7_locale\" value=\"pl_PL\" \/><input type=\"hidden\" name=\"_wpcf7_unit_tag\" value=\"wpcf7-f13-o1\" \/><input type=\"hidden\" name=\"_wpcf7_container_post\" value=\"0\" \/><input type=\"hidden\" name=\"_wpcf7_posted_data_hash\" value=\"\" \/><input type=\"hidden\" name=\"_wpcf7_recaptcha_response\" value=\"\" \/>\n<\/fieldset>\n<div class=\"flex gap-y-4 flex-wrap md:max-w-[580px] mx-auto\">\n\t<div class=\"flex flex-col w-full px-4\">\n\t\t<p><label> Nazwa firmy (opcjonalnie) <\/label><span class=\"wpcf7-form-control-wrap\" data-name=\"your-name\"><input size=\"40\" maxlength=\"400\" class=\"wpcf7-form-control wpcf7-text\" aria-invalid=\"false\" value=\"\" type=\"text\" name=\"your-name\" \/><\/span>\n\t\t<\/p>\n\t<\/div>\n\t<div class=\"flex flex-col w-full md:w-1\/2 px-4\">\n\t\t<p><label> E-mail <\/label><span class=\"wpcf7-form-control-wrap\" data-name=\"your-email\"><input size=\"40\" maxlength=\"400\" class=\"wpcf7-form-control wpcf7-email wpcf7-validates-as-required wpcf7-text wpcf7-validates-as-email\" autocomplete=\"email\" aria-required=\"true\" aria-invalid=\"false\" value=\"\" type=\"email\" name=\"your-email\" \/><\/span>\n\t\t<\/p>\n\t<\/div>\n\t<div class=\"flex flex-col w-full md:w-1\/2 px-4\">\n\t\t<p><label> Telefon <\/label><span class=\"wpcf7-form-control-wrap\" data-name=\"your-phone\"><input size=\"40\" maxlength=\"400\" class=\"wpcf7-form-control wpcf7-text_mask wpcf7-validates-as-required wpcf7-text\" aria-required=\"true\" aria-invalid=\"false\" type=\"text\" name=\"your-phone\" data-inputmask=\"&#039;mask&#039;: &#039;+(99) 999 999 999&#039;\" \/> <input name=\"your-phone_check\" type=\"hidden\" class=\"hidden yeeaddons-cf7-check\" \/><\/span>\n\t\t<\/p>\n\t<\/div>\n\t<div class=\"flex flex-col w-full px-4\">\n\t\t<p><label> Wiadomo\u015b\u0107 <\/label><span class=\"wpcf7-form-control-wrap\" data-name=\"your-message\"><textarea cols=\"40\" rows=\"10\" maxlength=\"2000\" class=\"wpcf7-form-control wpcf7-textarea\" aria-invalid=\"false\" name=\"your-message\"><\/textarea><\/span>\n\t\t<\/p>\n\t<\/div>\n\t<div class=\"px-4\">\n\t\t<p><span class=\"wpcf7-form-control-wrap\" data-name=\"acceptance-236\"><span class=\"wpcf7-form-control wpcf7-acceptance\"><span class=\"wpcf7-list-item\"><label><input type=\"checkbox\" name=\"acceptance-236\" value=\"1\" aria-invalid=\"false\" \/><span class=\"wpcf7-list-item-label\"><span class=\"custom-checkbox-box\"><svg viewBox=\"0 0 24 24\" fill=\"none\" stroke=\"currentColor\" stroke-width=\"3\"><path d=\"M5 13l4 4L19 7\"><\/path><\/svg><\/span><small class=\"font-light\">Wyra\u017cam zgod\u0119 na przesy\u0142anie informacji handlowych na wskazany adres e-mail. Szczeg\u00f3\u0142owe informacje o przetwarzaniu danych znajdzesz w naszej <a href=\"\/polityka-prywatnosci\" target=\"_self\">POLITYCE PRYWATNO\u015aCI<\/a> <\/small><\/span><\/label><\/span><\/span><\/span>\n\t\t<\/p>\n\t<\/div>\n\t<div class=\"send-btn flex justify-center w-full\">\n\t\t<p><input class=\"wpcf7-form-control wpcf7-submit has-spinner\" type=\"submit\" value=\"wy\u015blij\" \/>\n\t\t<\/p>\n\t<\/div>\n\t<div class=\"flex justify-center w-full\">\n\t\t<p><button type=\"submit\" class=\"ctaBtn gold lg px-16 py-2\" data-astro-cid-uzqn6jkr><span class=\"content\" data-astro-cid-uzqn6jkr>WY\u015aLIJ<\/span><\/button>\n\t\t<\/p>\n\t<\/div>\n<\/div><div class=\"wpcf7-response-output\" aria-hidden=\"true\"><\/div>\n<\/form>\n<\/div>\n\n                <\/div>\n            <\/div>\n        <\/section>\n    <\/section>\n\n\n<section class=\"simple-content contact-details align b-section my-10 md:my-20\" style=\"\">\n    \n    <div class=\"wrapper px-4 md:px-6\">\n        <div class=\"max-w-[610px] mx-auto [&#038;_p]:mb-5\" data-gsap=\"fade-in-up\">\n                            <div class=\"text-gold mb-10 text-center\">\n                    <h2\n                        class=\"heading-secondary tk-ivyora-display font-medium text-[24px] md:text-[38px] lg:text-[42px] leading-[24px] md:leading-[38px] lg:leading-[42px] \">\n                        Dane kontaktowe\n                    <\/h2>\n                <\/div>\n                                        <h3 style=\"text-align: center;\">Rent&amp;Sale Izabella Szymanski<\/h3>\n<p style=\"text-align: center;\">E-mail: <u><a title=\"mailto:biuro@pretty-care.com\" href=\"mailto:biuro@pretty-care.com\" data-outlook-id=\"bd530f16-de95-4d81-a400-d60c61d193e5\" data-ogsc=\"rgb(70, 120, 134)\">biuro@pretty-care.com<\/a><\/u><br \/>\nTelefon: 503\u00a0649\u00a0612<\/p>\n\n                                <\/div>\n    <\/div>\n<\/section>\n","protected":false},"excerpt":{"rendered":"","protected":false},"author":1,"featured_media":0,"parent":0,"menu_order":0,"comment_status":"closed","ping_status":"closed","template":"","meta":{"footnotes":""},"class_list":["post-24","page","type-page","status-publish","hentry"],"acf":[],"_links":{"self":[{"href":"https:\/\/pretty-care.com\/de\/wp-json\/wp\/v2\/pages\/24","targetHints":{"allow":["GET"]}}],"collection":[{"href":"https:\/\/pretty-care.com\/de\/wp-json\/wp\/v2\/pages"}],"about":[{"href":"https:\/\/pretty-care.com\/de\/wp-json\/wp\/v2\/types\/page"}],"author":[{"embeddable":true,"href":"https:\/\/pretty-care.com\/de\/wp-json\/wp\/v2\/users\/1"}],"replies":[{"embeddable":true,"href":"https:\/\/pretty-care.com\/de\/wp-json\/wp\/v2\/comments?post=24"}],"version-history":[{"count":6,"href":"https:\/\/pretty-care.com\/de\/wp-json\/wp\/v2\/pages\/24\/revisions"}],"predecessor-version":[{"id":251055,"href":"https:\/\/pretty-care.com\/de\/wp-json\/wp\/v2\/pages\/24\/revisions\/251055"}],"wp:attachment":[{"href":"https:\/\/pretty-care.com\/de\/wp-json\/wp\/v2\/media?parent=24"}],"curies":[{"name":"wp","href":"https:\/\/api.w.org\/{rel}","templated":true}]}}