{"id":163430,"date":"2026-02-24T19:11:57","date_gmt":"2026-02-24T18:11:57","guid":{"rendered":"https:\/\/pretty-care.com\/?post_type=product&#038;p=163430"},"modified":"2026-04-14T14:43:42","modified_gmt":"2026-04-14T13:43:42","slug":"deep-sleep-elixir","status":"publish","type":"product","link":"https:\/\/pretty-care.com\/de\/produkt\/deep-sleep-elixir\/","title":{"rendered":"Deep Sleep Elixir"},"content":{"rendered":"<h3 data-start=\"563\" data-end=\"604\">Eine Schlafformel, die tiefer wirkt<\/h3>\n<p data-start=\"606\" data-end=\"782\"><strong data-start=\"606\" data-end=\"627\">Deep Sleep Elixir<\/strong> ist eine moderne, <strong data-start=\"643\" data-end=\"672\">nat\u00fcrliche Schlafformel,<\/strong>entwickelt f\u00fcr Menschen, <strong data-start=\"714\" data-end=\"781\">die schneller einschlafen, tiefer schlafen und erholt aufwachen m\u00f6chten.<\/strong>.<\/p>\n<p data-start=\"784\" data-end=\"980\">Seine Besonderheit liegt darin, dass er neben der Unterst\u00fctzung des Schlafs, <strong data-start=\"840\" data-end=\"909\">gleichzeitig die Regeneration des Darms und seine nat\u00fcrliche Barrierefunktion unterst\u00fctzt,<\/strong>\u00a0denn genau im Darm beginnt die echte Beruhigung des K\u00f6rpers.<\/p>\n<p><strong>Anwendung:\u00a0<\/strong>15 ml (1 Essl\u00f6ffel) am Abend, verd\u00fcnnt in ca. 50 ml Wasser. Eine Flasche (500 ml) reicht f\u00fcr 33 Portionen.<br \/>\n<strong>Aufbewahrung:<\/strong> Nach dem \u00d6ffnen im K\u00fchlschrank aufbewahren.<br \/>\n<strong>T\u00e4gliche Kosten:<\/strong>\u00a0ca. 1 Euro.<\/p>\n<p><strong>DAS PRODUKT NICHT DIREKT AUS DER FLASCHE TRINKEN.<\/strong><\/p>\n<h3 data-start=\"987\" data-end=\"1033\">Warum unterst\u00fctzt Deep Sleep Elixir den Schlaf?<\/h3>\n<p data-start=\"1035\" data-end=\"1170\">Die Formel wurde speziell f\u00fcr den Abend entwickelt und basiert auf Inhaltsstoffen, die <strong data-start=\"1123\" data-end=\"1169\">das nat\u00fcrliche Zur-Ruhe-Kommen des K\u00f6rpers f\u00f6rdern<\/strong>:<\/p>\n<ul data-start=\"1171\" data-end=\"1375\">\n<li data-start=\"1171\" data-end=\"1248\">\n<p data-start=\"1173\" data-end=\"1248\"><strong data-start=\"1173\" data-end=\"1181\">GABA<\/strong> \u2013 ein zentraler Neurotransmitter, der f\u00fcr Entspannung und das Einschlafen verantwortlich ist<\/p>\n<\/li>\n<li data-start=\"1249\" data-end=\"1326\">\n<p data-start=\"1251\" data-end=\"1326\"><strong data-start=\"1251\" data-end=\"1264\">CALMOMIX\u00ae<\/strong> \u2013 ein standardisierter Pflanzenkomplex zur Unterst\u00fctzung eines ruhigen Schlafs<\/p>\n<\/li>\n<li data-start=\"1327\" data-end=\"1375\">\n<p data-start=\"1329\" data-end=\"1375\">fermentierte Extrakte: Melisse, Hopfen, Wei\u00dfdorn<\/p>\n<\/li>\n<li data-start=\"1327\" data-end=\"1375\">\n<p data-start=\"1329\" data-end=\"1375\">fl\u00fcssige Form, schnelle Verf\u00fcgbarkeit der Inhaltsstoffe<\/p>\n<\/li>\n<li data-start=\"1327\" data-end=\"1375\">zuckerfrei<\/li>\n<\/ul>\n<p data-start=\"1377\" data-end=\"1474\">Es ist ein <strong data-start=\"1380\" data-end=\"1399\">Schlafpr\u00e4parat<\/strong>das sich in den physiologischen Rhythmus des K\u00f6rpers einf\u00fcgt \u2013 ohne ein Gef\u00fchl der Schwere zu hinterlassen.<\/p>\n<h3 data-start=\"1481\" data-end=\"1523\">Zus\u00e4tzliche, einzigartige Funktion: der Darm<\/h3>\n<p data-start=\"1525\" data-end=\"1640\">Was <strong data-start=\"1541\" data-end=\"1562\">Deep Sleep Elixir<\/strong>besonders macht, ist die Tatsache <strong data-start=\"1576\" data-end=\"1639\">unterst\u00fctzt die Formel zugleich den Darm<\/strong>:<\/p>\n<ul data-start=\"1641\" data-end=\"1775\">\n<li data-start=\"1641\" data-end=\"1683\">\n<p data-start=\"1643\" data-end=\"1683\">Postbiotika aus <strong data-start=\"1657\" data-end=\"1681\">19 sorgf\u00e4ltig ausgew\u00e4hlten Bakterienst\u00e4mmen:<\/strong><\/p>\n<\/li>\n<li data-start=\"1684\" data-end=\"1728\">\n<p data-start=\"1686\" data-end=\"1728\">Unterst\u00fctzung der Darmregeneration nach einem ganzen Tag<\/p>\n<\/li>\n<li data-start=\"1729\" data-end=\"1775\">\n<p data-start=\"1731\" data-end=\"1775\">F\u00f6rderung der Integrit\u00e4t der Darmbarriere<\/p>\n<\/li>\n<li data-start=\"1729\" data-end=\"1775\">Einfluss auf die Darm\u2013Hirn-Achse<\/li>\n<\/ul>\n<p data-start=\"1777\" data-end=\"1839\">Dadurch wird der Schlaf <strong data-start=\"1803\" data-end=\"1838\">tiefer und regenerativer<\/strong>.<\/p>","protected":false},"excerpt":{"rendered":"<p>Preparat na sen, kt\u00f3ry dzia\u0142a g\u0142\u0119biej Deep Sleep Elixir to nowoczesny, naturalny preparat na sen, stworzony z my\u015bl\u0105 o osobach, kt\u00f3re chc\u0105 szybciej zasypia\u0107, spa\u0107 g\u0142\u0119biej i budzi\u0107 si\u0119 naprawd\u0119 wypocz\u0119te. Jego wyj\u0105tkowo\u015b\u0107 polega na tym, \u017ce opr\u00f3cz wsparcia snu, jednocze\u015bnie wspiera regeneracj\u0119 jelit i ich naturaln\u0105 szczelno\u015b\u0107,\u00a0bo to w\u0142a\u015bnie w jelitach zaczyna si\u0119 prawdziwe &hellip; <a href=\"https:\/\/pretty-care.com\/de\/produkt\/deep-sleep-elixir\/\">Continued<\/a><\/p>","protected":false},"featured_media":199456,"comment_status":"closed","ping_status":"closed","template":"","meta":[],"product_brand":[],"product_cat":[70],"product_tag":[51,24,22,25,53,56,55,54],"class_list":{"0":"post-163430","1":"product","2":"type-product","3":"status-publish","4":"has-post-thumbnail","6":"product_cat-na-sen","7":"product_tag-badany-laboratoryjnie","8":"product_tag-czysty-sklad","9":"product_tag-polski-produkt","10":"product_tag-postbiotyk","11":"product_tag-postbiotyk-na-sen","12":"product_tag-preparat-na-sen","13":"product_tag-sen","14":"product_tag-suplement-na-sen","16":"first","17":"instock","18":"taxable","19":"shipping-taxable","20":"purchasable","21":"product-type-simple"},"acf":[],"_links":{"self":[{"href":"https:\/\/pretty-care.com\/de\/wp-json\/wp\/v2\/product\/163430","targetHints":{"allow":["GET"]}}],"collection":[{"href":"https:\/\/pretty-care.com\/de\/wp-json\/wp\/v2\/product"}],"about":[{"href":"https:\/\/pretty-care.com\/de\/wp-json\/wp\/v2\/types\/product"}],"replies":[{"embeddable":true,"href":"https:\/\/pretty-care.com\/de\/wp-json\/wp\/v2\/comments?post=163430"}],"wp:featuredmedia":[{"embeddable":true,"href":"https:\/\/pretty-care.com\/de\/wp-json\/wp\/v2\/media\/199456"}],"wp:attachment":[{"href":"https:\/\/pretty-care.com\/de\/wp-json\/wp\/v2\/media?parent=163430"}],"wp:term":[{"taxonomy":"product_brand","embeddable":true,"href":"https:\/\/pretty-care.com\/de\/wp-json\/wp\/v2\/product_brand?post=163430"},{"taxonomy":"product_cat","embeddable":true,"href":"https:\/\/pretty-care.com\/de\/wp-json\/wp\/v2\/product_cat?post=163430"},{"taxonomy":"product_tag","embeddable":true,"href":"https:\/\/pretty-care.com\/de\/wp-json\/wp\/v2\/product_tag?post=163430"}],"curies":[{"name":"wp","href":"https:\/\/api.w.org\/{rel}","templated":true}]}}