{"id":72,"date":"2025-11-20T16:23:51","date_gmt":"2025-11-20T15:23:51","guid":{"rendered":"https:\/\/pretty-care.com\/?post_type=product&#038;p=72"},"modified":"2026-05-14T09:19:35","modified_gmt":"2026-05-14T08:19:35","slug":"balance-biotiq","status":"publish","type":"product","link":"https:\/\/pretty-care.com\/de\/produkt\/balance-biotiq\/","title":{"rendered":"Balance BiotiQ"},"content":{"rendered":"<p><strong>Fl\u00fcssiges Probiotikum mit Himbeergeschmack \u2013 500 ml<br \/>\n<\/strong>Ein nat\u00fcrlicher, fermentierter Probiotikum der neuen Generation, hergestellt aus 19 St\u00e4mmen lebender Bakterienkulturen zur Unterst\u00fctzung des Gleichgewichts der Darmmikrobiota und der k\u00f6rpereigenen Immunabwehr. Der feine Himbeergeschmack macht die t\u00e4gliche Supplementierung zu einem angenehmen Ritual.<\/p>\n<p><strong>Anwendung:<\/strong> 15 ml (1 Essl\u00f6ffel) zweimal t\u00e4glich nach den Mahlzeiten, verd\u00fcnnt in ca. 50 ml Wasser.<\/p>\n<p><strong>DAS PRODUKT NICHT DIREKT AUS DER FLASCHE TRINKEN.<\/strong><\/p>\n<ul>\n<li>F\u00fcr Erwachsene, die ihre Darmgesundheit und Immunabwehr unterst\u00fctzen m\u00f6chten.<\/li>\n<li>F\u00fcr Personen w\u00e4hrend oder nach einer Antibiotikatherapie.<\/li>\n<li>F\u00fcr Menschen mit Verdauungsbeschwerden oder geschw\u00e4chtem Immunsystem.<\/li>\n<li>F\u00fcr Personen unter Stress, mit erh\u00f6hter Ersch\u00f6pfung oder einem Ungleichgewicht der Darmmikrobiota.<\/li>\n<li>F\u00fcr alle, die die nat\u00fcrliche Balance des K\u00f6rpers t\u00e4glich unterst\u00fctzen m\u00f6chten.<\/li>\n<\/ul>","protected":false},"excerpt":{"rendered":"<p>Probiotyk p\u0142ynny o smaku malinowym \u2013 500 ml Naturalny, fermentowany probiotyk nowej generacji, stworzony z 19 szczep\u00f3w \u017cywych kultur bakterii wspieraj\u0105cych r\u00f3wnowag\u0119 mikrobiomu jelitowego i odporno\u015b\u0107 organizmu. Delikatny malinowy smak sprawia, \u017ce codzienna suplementacja staje si\u0119 przyjemnym rytua\u0142em. Stosowanie: 15 ml (1 \u0142y\u017cka) \u00d7 2 razy dziennie po posi\u0142ku, rozcie\u0144czone w ok. 50 ml wody. &hellip; <a href=\"https:\/\/pretty-care.com\/de\/produkt\/balance-biotiq\/\">Continued<\/a><\/p>","protected":false},"featured_media":182,"comment_status":"open","ping_status":"closed","template":"","meta":[],"product_brand":[],"product_cat":[15],"product_tag":[24,22,21,23],"class_list":{"0":"post-72","1":"product","2":"type-product","3":"status-publish","4":"has-post-thumbnail","6":"product_cat-probiotyki","7":"product_tag-czysty-sklad","8":"product_tag-polski-produkt","9":"product_tag-probiotyk","10":"product_tag-przebadany-laboratoryjnie","12":"first","13":"instock","14":"taxable","15":"shipping-taxable","16":"purchasable","17":"product-type-simple"},"acf":[],"_links":{"self":[{"href":"https:\/\/pretty-care.com\/de\/wp-json\/wp\/v2\/product\/72","targetHints":{"allow":["GET"]}}],"collection":[{"href":"https:\/\/pretty-care.com\/de\/wp-json\/wp\/v2\/product"}],"about":[{"href":"https:\/\/pretty-care.com\/de\/wp-json\/wp\/v2\/types\/product"}],"replies":[{"embeddable":true,"href":"https:\/\/pretty-care.com\/de\/wp-json\/wp\/v2\/comments?post=72"}],"wp:featuredmedia":[{"embeddable":true,"href":"https:\/\/pretty-care.com\/de\/wp-json\/wp\/v2\/media\/182"}],"wp:attachment":[{"href":"https:\/\/pretty-care.com\/de\/wp-json\/wp\/v2\/media?parent=72"}],"wp:term":[{"taxonomy":"product_brand","embeddable":true,"href":"https:\/\/pretty-care.com\/de\/wp-json\/wp\/v2\/product_brand?post=72"},{"taxonomy":"product_cat","embeddable":true,"href":"https:\/\/pretty-care.com\/de\/wp-json\/wp\/v2\/product_cat?post=72"},{"taxonomy":"product_tag","embeddable":true,"href":"https:\/\/pretty-care.com\/de\/wp-json\/wp\/v2\/product_tag?post=72"}],"curies":[{"name":"wp","href":"https:\/\/api.w.org\/{rel}","templated":true}]}}