{"id":86,"date":"2025-11-21T08:46:31","date_gmt":"2025-11-21T07:46:31","guid":{"rendered":"https:\/\/pretty-care.com\/?post_type=product&#038;p=86"},"modified":"2026-05-14T09:19:35","modified_gmt":"2026-05-14T08:19:35","slug":"postbiotyk","status":"publish","type":"product","link":"https:\/\/pretty-care.com\/de\/produkt\/postbiotyk\/","title":{"rendered":"Immun PostbiotiQ"},"content":{"rendered":"<p><strong>Postbiotikum zur Unterst\u00fctzung der Immunit\u00e4t \u2013 500 ml<\/strong><\/p>\n<p>Eine nat\u00fcrliche Formel der neuen Generation auf Basis von fermentiertem Reiswasser, angereichert mit Extrakten aus Hagebutte, schwarzem Holunder und Lindenbl\u00fcten. Diese Kombination aus traditioneller Fermentation und moderner Biotechnologie wurde entwickelt, um t\u00e4glich das Immunsystem, die Darmgesundheit und das allgemeine Wohlbefinden zu unterst\u00fctzen. Das Produkt enth\u00e4lt bioaktive Metaboliten, die durch die Fermentation von 19 probiotischen Bakterienst\u00e4mmen entstehen. Dabei handelt es sich um nat\u00fcrliche Verbindungen, die als \u201efertige Unterst\u00fctzung\u201c f\u00fcr den K\u00f6rper wirken \u2013 schonend, schnell verf\u00fcgbar und \u00e4u\u00dferst wirksam.<\/p>\n<p>&nbsp;<\/p>\n<p><strong>Anwendung:\u00a0<\/strong>15 ml (1 Essl\u00f6ffel) zweimal t\u00e4glich nach den Mahlzeiten, verd\u00fcnnt in ca. 50 ml Wasser.<br \/>\n<strong>Aufbewahrung:<\/strong> Nach dem \u00d6ffnen im K\u00fchlschrank aufbewahren.<\/p>\n<p><strong>DAS PRODUKT NICHT DIREKT AUS DER FLASCHE TRINKEN.<\/strong><\/p>\n<p>&nbsp;<\/p>\n<ul>\n<li>F\u00fcr Erwachsene, die ihre Darmgesundheit und Immunabwehr unterst\u00fctzen m\u00f6chten.<\/li>\n<li>F\u00fcr Personen w\u00e4hrend oder nach einer Antibiotikatherapie.<\/li>\n<li>F\u00fcr Menschen mit Verdauungsbeschwerden oder geschw\u00e4chtem Immunsystem.<\/li>\n<li>F\u00fcr Personen unter Stress, mit erh\u00f6hter Ersch\u00f6pfung oder einem Ungleichgewicht der Darmmikrobiota.<\/li>\n<li>F\u00fcr alle, die die nat\u00fcrliche Balance des K\u00f6rpers t\u00e4glich unterst\u00fctzen m\u00f6chten.<\/li>\n<\/ul>","protected":false},"excerpt":{"rendered":"<p>Posbiotyk na odporno\u015b\u0107 \u2013 500 ml\u2028 Naturalna formu\u0142a nowej generacji stworzona na bazie fermentowanej wody ry\u017cowej z dodatkiem ekstrakt\u00f3w z dzikiej r\u00f3\u017cy, czarnego bzu i kwiat\u00f3w lipy. To po\u0142\u0105czenie tradycji fermentacji i nowoczesnej biotechnologii, zaprojektowane tak, aby wspiera\u0107 odporno\u015b\u0107, jelita i og\u00f3lne samopoczucie ka\u017cdego dnia. Produkt zawiera bioaktywne metabolity powsta\u0142e w wyniku fermentacji 19 szczep\u00f3w &hellip; <a href=\"https:\/\/pretty-care.com\/de\/produkt\/postbiotyk\/\">Continued<\/a><\/p>","protected":false},"featured_media":180,"comment_status":"open","ping_status":"closed","template":"","meta":[],"product_brand":[],"product_cat":[20],"product_tag":[24,22,25,23],"class_list":{"0":"post-86","1":"product","2":"type-product","3":"status-publish","4":"has-post-thumbnail","6":"product_cat-postbiotyki","7":"product_tag-czysty-sklad","8":"product_tag-polski-produkt","9":"product_tag-postbiotyk","10":"product_tag-przebadany-laboratoryjnie","12":"first","13":"instock","14":"taxable","15":"shipping-taxable","16":"purchasable","17":"product-type-simple"},"acf":[],"_links":{"self":[{"href":"https:\/\/pretty-care.com\/de\/wp-json\/wp\/v2\/product\/86","targetHints":{"allow":["GET"]}}],"collection":[{"href":"https:\/\/pretty-care.com\/de\/wp-json\/wp\/v2\/product"}],"about":[{"href":"https:\/\/pretty-care.com\/de\/wp-json\/wp\/v2\/types\/product"}],"replies":[{"embeddable":true,"href":"https:\/\/pretty-care.com\/de\/wp-json\/wp\/v2\/comments?post=86"}],"wp:featuredmedia":[{"embeddable":true,"href":"https:\/\/pretty-care.com\/de\/wp-json\/wp\/v2\/media\/180"}],"wp:attachment":[{"href":"https:\/\/pretty-care.com\/de\/wp-json\/wp\/v2\/media?parent=86"}],"wp:term":[{"taxonomy":"product_brand","embeddable":true,"href":"https:\/\/pretty-care.com\/de\/wp-json\/wp\/v2\/product_brand?post=86"},{"taxonomy":"product_cat","embeddable":true,"href":"https:\/\/pretty-care.com\/de\/wp-json\/wp\/v2\/product_cat?post=86"},{"taxonomy":"product_tag","embeddable":true,"href":"https:\/\/pretty-care.com\/de\/wp-json\/wp\/v2\/product_tag?post=86"}],"curies":[{"name":"wp","href":"https:\/\/api.w.org\/{rel}","templated":true}]}}