{"id":10,"date":"2025-11-13T10:18:56","date_gmt":"2025-11-13T09:18:56","guid":{"rendered":"https:\/\/pretty-care.com\/moje-konto\/"},"modified":"2025-11-13T10:18:56","modified_gmt":"2025-11-13T09:18:56","slug":"moje-konto","status":"publish","type":"page","link":"https:\/\/pretty-care.com\/en\/moje-konto\/","title":{"rendered":"Moje konto"},"content":{"rendered":"<div class=\"woocommerce\"><div class=\"woocommerce-notices-wrapper\"><\/div>\n<section class=\"relative mb-10 md:mb-20 overflow-hidden breathtaking-desinger-container\">\n\t<img decoding=\"async\" class=\"absolute object-cover !w-full !h-full pointer-events-none\" loading=\"lazy\" src=\"https:\/\/pretty-care.com\/wp-content\/themes\/prettycarewp2026v1\/resources\/images\/about_bg_yellow_paper.png\" alt=\"background\">\n\n\t<div class=\"wrapper relative px-4 py-10\">\n\t\t\n\t\t\t<div class=\"u-columns col2-set\" id=\"customer_login\">\n\n\t\t\t\n\t\t\t\t<div class=\"u-column1 col-1 \">\n\n\t\t\t\t\n\t\t\t\t<h2 class=\"text-white text-3xl md:text-5xl text-center tk-ivyora-display font-medium mt-10\">Login<\/h2>\n\n\t\t\t\t<div class=\"bg-white shadow-xl border-1 border-[var(--gold)] rounded-[63px] gap-5 justify-around my-10 md:mb-20 md:mt-5 md:max-w-[850px] mx-auto py-10 px-2 md:p-8\">\n\t\t\t\t\t<form class=\"woocommerce-form woocommerce-form-login login !border-0 sm:grid gap-4\" method=\"post\" novalidate>\n\t\n\t\t\t\t\t\t\t\n\t\t\t\t\t\t<div>\n\t\t\t\t\t\t\t<p class=\"woocommerce-form-row woocommerce-form-row--wide form-row form-row-wide\">\n\t\t\t\t\t\t\t\t<label for=\"username\">Username or email address&nbsp;<span class=\"required\" aria-hidden=\"true\">*<\/span><span class=\"screen-reader-text\">Required<\/span><\/label>\n\t\t\t\t\t\t\t\t<input type=\"text\" class=\"woocommerce-Input woocommerce-Input--text\" name=\"username\" id=\"username\" autocomplete=\"username\" value=\"\" required aria-required=\"true\" \/>\t\t\t\t\t\t\t<\/p>\n\t\t\t\t\t\t\t<p class=\"woocommerce-form-row woocommerce-form-row--wide form-row form-row-wide\">\n\t\t\t\t\t\t\t\t<label for=\"password\">Password&nbsp;<span class=\"required\" aria-hidden=\"true\">*<\/span><span class=\"screen-reader-text\">Required<\/span><\/label>\n\t\t\t\t\t\t\t\t<input class=\"woocommerce-Input woocommerce-Input--text\" type=\"password\" name=\"password\" id=\"password\" autocomplete=\"current-password\" required aria-required=\"true\" \/>\n\t\t\t\t\t\t\t<\/p>\n\t\t\t\t\t\t<\/div>\n\t\n\t\t\t\t\t\t\t\n\t\t\t\t\t\t<p class=\"form-row sm:flex items-center\">\n\t\t\t\t\t\t\t<button type=\"submit\" class=\"woocommerce-button button woocommerce-form-login__submit ks-button\" name=\"login\" value=\"Log in\">Log in<\/button>\n\t\t\t\t\t\t\t<label class=\"woocommerce-form__label woocommerce-form__label-for-checkbox woocommerce-form-login__rememberme\">\n\t\t\t\t\t\t\t\t<input class=\"woocommerce-form__input woocommerce-form__input-checkbox\" name=\"rememberme\" type=\"checkbox\" id=\"rememberme\" value=\"forever\" \/> <span>Remember me<\/span>\n\t\t\t\t\t\t\t<\/label>\n\t\t\t\t\t\t\t<input type=\"hidden\" id=\"woocommerce-login-nonce\" name=\"woocommerce-login-nonce\" value=\"05cd3dacd5\" \/><input type=\"hidden\" name=\"_wp_http_referer\" value=\"\/en\/wp-json\/wp\/v2\/pages\/10\" \/>\t\t\t\t\t\t<\/p>\n\t\t\t\t\t\t<p class=\"woocommerce-LostPassword lost_password\">\n\t\t\t\t\t\t\t<a href=\"https:\/\/pretty-care.com\/en\/moje-konto\/lost-password\/\" class=\"!underline\">Lost your password?<\/a>\n\t\t\t\t\t\t<\/p>\n\t\n\t\t\t\t\t\t\t\n\t\t\t\t\t<\/form>\n\t\t\t\t<\/div>\n\n\t\t\t\t\n\t\t\t\t<\/div>\n\n\t\t\t\t<div class=\"u-column2 col-2\">\n\n\t\t\t\t\t<h2 class=\"text-white text-3xl md:text-5xl text-center tk-ivyora-display font-medium mt-10\">Register<\/h2>\n\n\t\t\t\t\t<div class=\"bg-white shadow-xl border-1 border-[var(--gold)] rounded-[63px] gap-5 justify-around my-10 md:mb-20 md:mt-5 md:max-w-[850px] mx-auto py-10 px-2 md:p-8\">\n\t\t\t\t\t\t<form method=\"post\" class=\"woocommerce-form woocommerce-form-register register !border-0\" >\n\t\n\t\t\t\t\t\t\t\t\n\t\t\t\t\t\t\t\t\n\t\t\t\t\t\t\t<p class=\"woocommerce-form-row woocommerce-form-row--wide form-row form-row-wide\">\n\t\t\t\t\t\t\t\t<label for=\"reg_email\">Email address&nbsp;<span class=\"required\" aria-hidden=\"true\">*<\/span><span class=\"screen-reader-text\">Required<\/span><\/label>\n\t\t\t\t\t\t\t\t<input type=\"email\" class=\"woocommerce-Input woocommerce-Input--text\" name=\"email\" id=\"reg_email\" autocomplete=\"email\" value=\"\" required aria-required=\"true\" \/>\t\t\t\t\t\t\t<\/p>\n\t\n\t\t\t\t\t\t\t\t\n\t\t\t\t\t\t\t\t<div class=\"mb-4\">A link to set a new password will be sent to your email address.<\/div>\n\t\n\t\t\t\t\t\t\t\t\n\t\t\t\t\t\t\t<wc-order-attribution-inputs><\/wc-order-attribution-inputs><div class=\"woocommerce-privacy-policy-text\"><p>Twoje dane osobowe zostan\u0105 u\u017cyte do obs\u0142ugi twojej wizyty na naszej stronie, zarz\u0105dzania dost\u0119pem do twojego konta i dla innych cel\u00f3w o kt\u00f3rych m\u00f3wi nasza <a href=\"https:\/\/pretty-care.com\/en\/polityka-prywatnosci\/\" class=\"woocommerce-privacy-policy-link\" target=\"_blank\">privacy policy<\/a>.<\/p>\n<\/div>\t\n\t\t\t\t\t\t\t<p class=\"woocommerce-form-row form-row !mt-4\">\n\t\t\t\t\t\t\t\t<input type=\"hidden\" id=\"woocommerce-register-nonce\" name=\"woocommerce-register-nonce\" value=\"1abdf74a65\" \/><input type=\"hidden\" name=\"_wp_http_referer\" value=\"\/en\/wp-json\/wp\/v2\/pages\/10\" \/>\t\t\t\t\t\t\t\t<button type=\"submit\" class=\"woocommerce-Button woocommerce-button button woocommerce-form-register__submit ks-button ks-button-border\" name=\"register\" value=\"Register\">Register<\/button>\n\t\t\t\t\t\t\t<\/p>\n\t\n\t\t\t\t\t\t\t\t\n\t\t\t\t\t\t<\/form>\n\t\t\t\t\t<\/div>\n\n\t\t\t\t<\/div>\n\n\t\t\t<\/div>\n\t\t\t<\/div>\n<\/section>\n\n<\/div>\n","protected":false},"excerpt":{"rendered":"","protected":false},"author":1,"featured_media":0,"parent":0,"menu_order":0,"comment_status":"closed","ping_status":"closed","template":"","meta":{"footnotes":""},"class_list":["post-10","page","type-page","status-publish","hentry"],"acf":[],"_links":{"self":[{"href":"https:\/\/pretty-care.com\/en\/wp-json\/wp\/v2\/pages\/10","targetHints":{"allow":["GET"]}}],"collection":[{"href":"https:\/\/pretty-care.com\/en\/wp-json\/wp\/v2\/pages"}],"about":[{"href":"https:\/\/pretty-care.com\/en\/wp-json\/wp\/v2\/types\/page"}],"author":[{"embeddable":true,"href":"https:\/\/pretty-care.com\/en\/wp-json\/wp\/v2\/users\/1"}],"replies":[{"embeddable":true,"href":"https:\/\/pretty-care.com\/en\/wp-json\/wp\/v2\/comments?post=10"}],"version-history":[{"count":0,"href":"https:\/\/pretty-care.com\/en\/wp-json\/wp\/v2\/pages\/10\/revisions"}],"wp:attachment":[{"href":"https:\/\/pretty-care.com\/en\/wp-json\/wp\/v2\/media?parent=10"}],"curies":[{"name":"wp","href":"https:\/\/api.w.org\/{rel}","templated":true}]}}