{"id":22,"date":"2025-11-18T17:47:13","date_gmt":"2025-11-18T16:47:13","guid":{"rendered":"https:\/\/pretty-care.com\/?page_id=22"},"modified":"2026-02-06T11:23:34","modified_gmt":"2026-02-06T10:23:34","slug":"o-nas","status":"publish","type":"page","link":"https:\/\/pretty-care.com\/en\/o-nas\/","title":{"rendered":"About us"},"content":{"rendered":"<section class=\"our-story-block align b-section my-10 md:my-20\" style=\"\">\n    \n    <div\n        class=\"flex flex-wrap gap-y-8 md:max-w-[1200px] mx-auto px-4 items-center flex-row-reverse\">\n        <div class=\"w-full lg:w-1\/2\">\n                            <div class=\"text-gold\" data-gsap=\"fade-in-down\">\n                    <h2\n                        class=\"   heading-secondary tk-ivyora-display font-medium text-[24px] md:text-[38px] lg:text-[42px] leading-[24px] md:leading-[38px] lg:leading-[42px] \">\n                        Nasza historia\n                    <\/h2>\n                <\/div>\n                                        <p class=\"lg:text-[24px] font-[300] mb-8\" data-gsap=\"fade-in-right\">Nasza historia i nowe produkty<\/p>\n                        <div class=\"[&#038;_p]:mb-5 leading-[1.2]\" data-gsap=\"fade-in-right\">\n                                    <p>Kilka lat temu zacz\u0119\u0142a si\u0119 droga, kt\u00f3ra na nowo u\u015bwiadomi\u0142a mi, jak ogromne znaczenie ma codzienna troska o siebie oraz wspieranie naturalnych mechanizm\u00f3w organizmu. To do\u015bwiadczenie sta\u0142o si\u0119 impulsem do stworzenia marki opartej na uwa\u017cno\u015bci, wdzi\u0119czno\u015bci i \u015bwiadomym podej\u015bciu do zdrowia.<br \/>\nPrzez wiele lat sama zmaga\u0142am si\u0119 r\u00f3wnie\u017c z problemami jelitowymi, kt\u00f3re mia\u0142y realny wp\u0142yw na moje samopoczucie i codzienne funkcjonowanie. Poszukiwanie skutecznych, a jednocze\u015bnie naturalnych rozwi\u0105za\u0144 sprawi\u0142o, \u017ce zacz\u0119\u0142am testowa\u0107 opracowywane formu\u0142y na sobie. Dzi\u0119ki temu moje jelita s\u0105 dzi\u015b w znacznie lepszej kondycji, a ja zyska\u0142am przekonanie, \u017ce obrany kierunek ma realn\u0105 warto\u015b\u0107.<\/p>\n<p>Z potrzeby dzielenia si\u0119 tym do\u015bwiadczeniem powsta\u0142a idea produkt\u00f3w, kt\u00f3re pomagaj\u0105 budowa\u0107 wewn\u0119trzn\u0105 si\u0142\u0119, pewno\u015b\u0107 siebie i dobre samopoczucie ka\u017cdego dnia \u2013 od \u015brodka.<\/p>\n<p>Dzi\u0119ki wsp\u00f3\u0142pracy z dwiema wybitnymi naukowczyniami: dr Justyn\u0105 Piechock\u0105, ekspertk\u0105 w zakresie mikrobioty jelitowej, oraz prof. dr hab. Dari\u0105 Szymanowsk\u0105, specjalistk\u0105 w dziedzinie mikrobiologii przemys\u0142owej, opracowali\u015bmy formu\u0142y \u0142\u0105cz\u0105ce naturalne sk\u0142adniki z aktualn\u0105 wiedz\u0105 naukow\u0105.<br \/>\nNasza marka powsta\u0142a z pasji do zdrowia \u2013 tworzona przez kobiety, z my\u015bl\u0105 o wszystkich, kt\u00f3rzy chc\u0105 \u015bwiadomie dba\u0107 o siebie i swoje codzienne samopoczucie.<\/p>\n\n                            <\/div>\n                    <\/div>\n        <div class=\"w-full lg:w-1\/2 lg:pr-16\" >\n                            <div class=\"grid grid-cols-1 gap-4 md:gap-8\" data-gsap=\"fade-in-up\">\n                                            <div class=\"flex flex-col team-item text-center items-center lg:text-left lg:items-start\">\n                            <div class=\"persona mb-4\">\n                                                                    <div class=\"mb-4 max-w-[15rem]\">\n                                        <img decoding=\"async\" src=\"https:\/\/pretty-care.com\/wp-content\/uploads\/2025\/11\/expert_dsz.png\" alt=\"prof.  Daria Szymanowska\" class=\"w-full h-full object-cover rounded-full\">\n                                    <\/div>\n                                                                                                    <h3 class=\"font-semibold text-lg md:text-xl\">prof.  Daria Szymanowska<\/h3>\n                                                            <\/div>\n                                                            <div class=\"text-sm md:text-base text-gray-600\"><p>Prof. dr hab. Daria Szymanowska z Katedry Biotechnologii i Mikrobiologii \u017bywno\u015bci Wydzia\u0142u Nauk o \u017bywno\u015bci i \u017bywieniu uzyska\u0142a 29.02.2024 r. tytu\u0142 profesora w dyscyplinie nauk \u015bcis\u0142ych i przyrodniczych w dyscyplinie biotechnologia. To pierwsza na UPP i druga w Polsce nominacja profesorska w tej dyscyplinie<\/p>\n<\/div>\n                                                    <\/div>\n                                            <div class=\"flex flex-col team-item text-center items-center lg:text-left lg:items-start\">\n                            <div class=\"persona mb-4\">\n                                                                    <div class=\"mb-4 max-w-[15rem]\">\n                                        <img decoding=\"async\" src=\"https:\/\/pretty-care.com\/wp-content\/uploads\/2025\/12\/Rectangle-10-1.png\" alt=\"dr Justyna Piechocka\" class=\"w-full h-full object-cover rounded-full\">\n                                    <\/div>\n                                                                                                    <h3 class=\"font-semibold text-lg md:text-xl\">dr Justyna Piechocka<\/h3>\n                                                            <\/div>\n                                                            <div class=\"text-sm md:text-base text-gray-600\"><p>Dr Justyna Piechocka z pasj\u0105 \u0142\u0105czy dzia\u0142alno\u015b\u0107 naukow\u0105 z aktywn\u0105 obecno\u015bci\u0105 w \u015bwiecie innowacyjnego biznesu. Od lat anga\u017cuje si\u0119 w rozw\u00f3j nowoczesnych rozwi\u0105za\u0144 z obszaru probiotyk\u00f3w i postbiotyk\u00f3w, opartych na najnowszych osi\u0105gni\u0119ciach biotechnologii. W swojej pracy koncentruje si\u0119 na praktycznym wykorzystaniu bada\u0144 nad mikrobiomem jelitowym, projektuj\u0105c funkcjonalne, bezpieczne i skuteczne suplementy.<\/p>\n<\/div>\n                                                    <\/div>\n                                    <\/div>\n                    <\/div>\n    <\/div>\n<\/section>\n\n\n\n\n\n\n<section class=\"content-gallery align b-section my-10 md:my-20\" style=\"\">\n    \n    <div class=\"wrapper\">\n        <div class=\"md:max-w-[1200px] mx-auto px-4 md:px-6\">\n                            <div class=\"text-gold text-center\" data-gsap=\"fade-in-down\">\n                    <h2\n                        class=\"heading-secondary tk-ivyora-display font-medium text-[24px] md:text-[38px] lg:text-[42px] leading-[24px] md:leading-[38px] lg:leading-[42px] \">\n                        Wyj\u0105tkowe sk\u0142adniki i produkty\n                    <\/h2>\n                <\/div>\n                                        <p class=\"lg:text-[24px] font-[300] mb-8 text-center\" data-gsap=\"fade-in-up\">19 wyselekcjonowanych szczep\u00f3w probiotycznych<\/p>\n                        <div class=\"wyswig [&#038;_p]:mb-5\" data-gsap=\"fade-in-up\">\n                                    <p>W naszych produktach \u0142\u0105czymy\u00a019 wyselekcjonowanych szczep\u00f3w probiotycznych\u00a0z biofermentami z najlepszego, co daje natura. Bazujemy na naturalnych ekstraktach z\u00a0dzikiej r\u00f3\u017cy, lipy, czarnego bzu i maliny\u00a0oraz na fermentowanej wodzie ry\u017cowej. Ka\u017cdy z tych sk\u0142adnik\u00f3w wnosi unikalne korzy\u015bci: na przyk\u0142ad\u00a0dzika r\u00f3\u017ca\u00a0to jedno z najbogatszych \u017ar\u00f3de\u0142 witaminy C i przeciwutleniaczy (flawonoid\u00f3w, karotenoid\u00f3w), kt\u00f3re neutralizuj\u0105 wolne rodniki i pomagaj\u0105 chroni\u0107 organizm przed stresem oksydacyjnym.\u00a0Kwiat lipy\u00a0dzia\u0142a uspokajaj\u0105co i przeciwzapalnie, \u0142agodzi napi\u0119cie nerwowe oraz wspiera odporno\u015b\u0107 dzi\u0119ki obecnej w niej witaminie C.<\/p>\n<p>Czarny bez od wiek\u00f3w u\u017cywany jest w medycynie ludowej na przezi\u0119bienia \u2013 zawiera witaminy i minera\u0142y, kt\u00f3re wzmacniaj\u0105 uk\u0142ad odporno\u015bciowy i zmniejszaj\u0105 podatno\u015b\u0107 na infekcje.\u00a0Malina\u00a0za\u015b dostarcza cenne polifenole (kwercetyn\u0119, kwas elagowy) i witamin\u0119 C, a jej ekstrakty wykazuj\u0105 dzia\u0142anie przeciwzapalne. Wszystkie te surowce poddajemy procesom fermentacji, uzyskuj\u0105c postbiotyczne metabolity wspomagaj\u0105ce barier\u0119 jelitow\u0105 oraz immunomodulacj\u0119.<\/p>\n<p>Dzi\u0119ki takim sk\u0142adnikom nasze probiotyki i postbiotyki dostarczaj\u0105 naturalnej ochrony \u2013 wzmacniaj\u0105 odporno\u015b\u0107 i wspieraj\u0105 organizm wewn\u0119trznie, nie zapominaj\u0105c o delikatnej, kobiecej wra\u017cliwo\u015bci.<\/p>\n\n                            <\/div>\n        <\/div>\n                    <div class=\"flex items-center justify-center flex-wrap mt-10 md:mt-20 mx-auto\">\n                                <div data-gsap=\"fade-in-left\">\n                    <img decoding=\"async\" loading=\"lazy\" src=\"https:\/\/pretty-care.com\/wp-content\/uploads\/2025\/11\/ingredient_1.png\" alt=\"\">\n                <\/div>\n                                <div data-gsap=\"fade-in-left\">\n                    <img decoding=\"async\" loading=\"lazy\" src=\"https:\/\/pretty-care.com\/wp-content\/uploads\/2025\/11\/ingredient_2.png\" alt=\"\">\n                <\/div>\n                                <div data-gsap=\"fade-in-left\">\n                    <img decoding=\"async\" loading=\"lazy\" src=\"https:\/\/pretty-care.com\/wp-content\/uploads\/2025\/11\/ingredient_3.png\" alt=\"\">\n                <\/div>\n                            <\/div>\n            <\/div>\n<\/section>\n\n\n<section class=\"simple-content-image align b-section my-10 md:my-20\" style=\"\">\n    \n    <div\n        class=\"flex flex-wrap gap-y-8 md:max-w-[1200px] mx-auto px-4 items-center \">\n        <div class=\"w-full lg:w-1\/2\">\n                            <div class=\"text-gold\" data-gsap=\"fade-in-down\">\n                    <h2\n                        class=\" mb-8  heading-secondary tk-ivyora-display font-medium text-[24px] md:text-[38px] lg:text-[42px] leading-[24px] md:leading-[38px] lg:leading-[42px] \">\n                        Si\u0142a nauki i fermentacji\n                    <\/h2>\n                <\/div>\n                                    <div class=\"[&#038;_p]:mb-5 leading-[1.2]\" data-gsap=\"fade-in-right\">\n                                    <p>Korzystamy z dobrodziejstw fermentacji \u2013 staro\u017cytnej metody o udokumentowanym wp\u0142ywie na zdrowie jelit. Badania pokazuj\u0105, \u017ce dieta bogata w produkty fermentowane znacz\u0105co zwi\u0119ksza r\u00f3\u017cnorodno\u015b\u0107 mikrobiomu jelitowego i obni\u017ca poziom zapalnych marker\u00f3w w organizmie. Fermentowane sk\u0142adniki dostarczaj\u0105 \u017cywych probiotyk\u00f3w i po\u017cytecznych enzym\u00f3w, co wzmacnia naturaln\u0105 odporno\u015b\u0107 i pomaga organizmowi utrzyma\u0107 r\u00f3wnowag\u0119.<\/p>\n<p>Naukowcy potwierdzaj\u0105 r\u00f3wnie\u017c, \u017ce fermentowane produkty s\u0105 doskona\u0142ym \u017ar\u00f3d\u0142em korzystnych bakterii i ich metabolit\u00f3w (postbiotyk\u00f3w) niezb\u0119dnych dla zdrowej flory jelitowej. T\u0119 wiedz\u0119 przekuwamy w innowacyjne preparaty \u2013 nasze p\u0142ynne probiotyki powstaj\u0105 w warunkach laboratoryjnej precyzji, jednak czerpi\u0105 z m\u0105dro\u015bci tradycyjnej fermentacji.\u00a0Fermentowana woda ry\u017cowa, na kt\u00f3rej si\u0119 opieramy, wykazuje szczeg\u00f3lnie korzystne dzia\u0142anie: wzbogaca mikrobiot\u0119 jelitow\u0105 w po\u017cyteczne szczepy i enzymy, co potwierdzono badaniem naukowym.<\/p>\n<p>Dzi\u0119ki temu nasze formu\u0142y wspieraj\u0105 trawienie, odbudow\u0119 mikrobioty po antybiotykoterapii oraz og\u00f3ln\u0105 odporno\u015b\u0107 organizmu \u2013 dok\u0142adnie tak, jak potwierdzaj\u0105 to najnowsze odkrycia mikrobiologii i immunologii.<\/p>\n\n                            <\/div>\n                    <\/div>\n        <div class=\"w-full lg:w-1\/2 lg:pl-16\" >\n                            <img decoding=\"async\" \n        src=\"https:\/\/pretty-care.com\/wp-content\/uploads\/2025\/11\/ingredient_4_section.png\" \n        alt=\"balance biotiq\"\n         width=\"456\"          height=\"415\"          srcset=\"https:\/\/pretty-care.com\/wp-content\/uploads\/2025\/11\/ingredient_4_section.png 456w, https:\/\/pretty-care.com\/wp-content\/uploads\/2025\/11\/ingredient_4_section-300x273.png 300w\"          sizes=\"auto, (max-width: 456px) 100vw, 456px\"         loading=\"lazy\"\n        class=\"rounded-[80px] overflow-clip\" data-gsap=\"fade-in-left\"\n    >\n                    <\/div>\n    <\/div>\n<\/section>\n\n\n<section\n    class=\"values align b-section relative my-10 md:my-20 overflow-hidden breathtaking-desinger-container\"\n    style=\"\">\n    \n    <img decoding=\"async\" class=\"absolute object-cover w-full h-full pointer-events-none\" loading=\"lazy\"\n        src=\"https:\/\/pretty-care.com\/wp-content\/themes\/prettycarewp2026v1\/resources\/images\/about_bg_yellow_paper.png\" alt=\"background\">\n    <div class=\"wrapper relative px-4 py-10\">\n                    <div class=\"text-white mt-10 md:mt-20 mb-5 text-center\" data-gsap=\"fade-in-up\">\n                <h1\n                    class=\"heading-primary uppercase tk-ivyora-display font-bold text-[34px] md:text-[50px] lg:text-[70px] leading-[34px] md:leading-[50px] lg:leading-[70px] \">\n                    Warto\u015bci i cele\n                <\/h1>\n            <\/div>\n                            <div class=\"text-white md:px-10 font-weight-[500] mb-10 md:max-w-[990px] mx-auto\" data-gsap=\"fade-in-down\">\n                <p>Naszymi warto\u015bciami s\u0105\u00a0empatia, autentyczno\u015b\u0107 i zaufanie\u00a0\u2013 wiemy, \u017ce zdrowie to rzecz osobista, a marka premium oznacza pe\u0142n\u0105 transparentno\u015b\u0107. D\u0105\u017cymy do tego, by ka\u017cdy klient poczu\u0142 si\u0119 w centrum uwagi: doceniamy jej intuicj\u0119 i prawa do \u015bwiadomego wyboru.\u00a0Nauka i innowacja\u00a0to nasz fundament \u2013 stale inwestujemy w badania i wsp\u00f3\u0142prac\u0119 z ekspertami, co pozwala nam udoskonala\u0107 formu\u0142y i wprowadza\u0107 prze\u0142omowe rozwi\u0105zania. Zale\u017cy nam tak\u017ce na\u00a0naturalno\u015bci i jako\u015bci: w ca\u0142ym procesie produkcji u\u017cywamy tylko surowc\u00f3w najwy\u017cszej klasy, bez kompromis\u00f3w jako\u015bciowych.\u00a0Zr\u00f3wnowa\u017cony rozw\u00f3j\u00a0i odpowiedzialno\u015b\u0107 za planet\u0119 s\u0105 dla nas r\u00f3wnie wa\u017cne \u2013 od upraw ro\u015blin po proces fermentacji dbamy o \u015brodowisko i etyczne praktyki.<\/p>\n\n            <\/div>\n                        <div class=\"flex flex-wrap gap-5 justify-around my-10 md:my-20 md:max-w-[1400px] mx-auto\" data-gsap=\"fade-in-right\">\n                                  <div\n                class=\"flex bg-white p-8 rounded-4xl flex-col justify-start items-center gap-5 sm:max-w-[210px] hover:shadow-lg hover:scale-105 transform transition duration-200 ease-in-out\">\n                <div> \n                  <img decoding=\"async\" \n        src=\"https:\/\/pretty-care.com\/wp-content\/uploads\/2025\/11\/about_icon_1.png\" \n        alt=\"value\"\n         width=\"81\"          height=\"81\"                  sizes=\"auto, (max-width: 81px) 100vw, 81px\"         loading=\"lazy\"\n        class=\"min-h-[81px]\"\n    >\n                <\/div>\n                <p class=\"uppercase text-center text-[16px] font-[600]\">Edukacja \u2028i empowerment<\/p>\n                <p>Budujemy spo\u0142eczno\u015b\u0107 \u015bwiadomych klient\u00f3w, edukuj\u0105c o roli mikrobiomu i naturalnych metodach wspierania zdrowia.<\/p>\n\n            <\/div>\n                                  <div\n                class=\"flex bg-white p-8 rounded-4xl flex-col justify-start items-center gap-5 sm:max-w-[210px] hover:shadow-lg hover:scale-105 transform transition duration-200 ease-in-out\">\n                <div> \n                  <img decoding=\"async\" \n        src=\"https:\/\/pretty-care.com\/wp-content\/uploads\/2025\/11\/about_icon_2.png\" \n        alt=\"value\"\n         width=\"81\"          height=\"81\"                  sizes=\"auto, (max-width: 81px) 100vw, 81px\"         loading=\"lazy\"\n        class=\"min-h-[81px]\"\n    >\n                <\/div>\n                <p class=\"uppercase text-center text-[16px] font-[600]\">Rozw\u00f3j \u2028naukowy<\/p>\n                <p>Kontynuujemy badania nad probiotykami i postbiotykami, wsp\u00f3\u0142pracuj\u0105c z plac\u00f3wkami naukowymi, by stale podnosi\u0107 skuteczno\u015b\u0107 produkt\u00f3w.<\/p>\n\n            <\/div>\n                                  <div\n                class=\"flex bg-white p-8 rounded-4xl flex-col justify-start items-center gap-5 sm:max-w-[210px] hover:shadow-lg hover:scale-105 transform transition duration-200 ease-in-out\">\n                <div> \n                  <img decoding=\"async\" \n        src=\"https:\/\/pretty-care.com\/wp-content\/uploads\/2025\/11\/about_icon_3.png\" \n        alt=\"value\"\n         width=\"81\"          height=\"81\"                  sizes=\"auto, (max-width: 81px) 100vw, 81px\"         loading=\"lazy\"\n        class=\"min-h-[81px]\"\n    >\n                <\/div>\n                <p class=\"uppercase text-center text-[16px] font-[600]\">Budowa marki premium<\/p>\n                <p>Stawiamy na najwy\u017csz\u0105 jako\u015b\u0107 i presti\u017c, aby nasze produkty by\u0142y synonimem zaufania i luksusowej troski o zdrowie.<\/p>\n\n            <\/div>\n                                  <div\n                class=\"flex bg-white p-8 rounded-4xl flex-col justify-start items-center gap-5 sm:max-w-[210px] hover:shadow-lg hover:scale-105 transform transition duration-200 ease-in-out\">\n                <div> \n                  <img decoding=\"async\" \n        src=\"https:\/\/pretty-care.com\/wp-content\/uploads\/2025\/11\/about_icon_4.png\" \n        alt=\"value\"\n         width=\"81\"          height=\"81\"                  sizes=\"auto, (max-width: 81px) 100vw, 81px\"         loading=\"lazy\"\n        class=\"min-h-[81px]\"\n    >\n                <\/div>\n                <p class=\"uppercase text-center text-[16px] font-[600]\">Globalna ekspansja<\/p>\n                <p>Chcemy dzieli\u0107 si\u0119 nasz\u0105 pasj\u0105 z klientami na ca\u0142ym \u015bwiecie, aby \u015bwiadome podej\u015bcie do zdrowia by\u0142o dost\u0119pne niezale\u017cnie od granic.<\/p>\n\n            <\/div>\n                                  <div\n                class=\"flex bg-white p-8 rounded-4xl flex-col justify-start items-center gap-5 sm:max-w-[210px] hover:shadow-lg hover:scale-105 transform transition duration-200 ease-in-out\">\n                <div> \n                  <img decoding=\"async\" \n        src=\"https:\/\/pretty-care.com\/wp-content\/uploads\/2025\/11\/about_icon_5.png\" \n        alt=\"value\"\n         width=\"81\"          height=\"81\"                  sizes=\"auto, (max-width: 81px) 100vw, 81px\"         loading=\"lazy\"\n        class=\"min-h-[81px]\"\n    >\n                <\/div>\n                <p class=\"uppercase text-center text-[16px] font-[600]\">Transparentno\u015b\u0107 \u2028i etyka<\/p>\n                <p>Dzia\u0142amy transparentnie i etycznie, jasno komunikuj\u0105c sk\u0142ad, pochodzenie oraz spos\u00f3b dzia\u0142ania naszych produkt\u00f3w.<\/p>\n\n            <\/div>\n                                  <div\n                class=\"flex bg-white p-8 rounded-4xl flex-col justify-start items-center gap-5 sm:max-w-[210px] hover:shadow-lg hover:scale-105 transform transition duration-200 ease-in-out\">\n                <div> \n                  <img decoding=\"async\" \n        src=\"https:\/\/pretty-care.com\/wp-content\/uploads\/2025\/12\/icons8-education-100-1.png\" \n        alt=\"value\"\n         width=\"77\"          height=\"77\"                  sizes=\"auto, (max-width: 77px) 100vw, 77px\"         loading=\"lazy\"\n        class=\"min-h-[81px]\"\n    >\n                <\/div>\n                <p class=\"uppercase text-center text-[16px] font-[600]\">Natura zamkni\u0119ta w butelce<\/p>\n                <p>Zamykamy w ka\u017cdej butelce to, co w naturze najcenniejsze \u2013 czysto\u015b\u0107, r\u00f3wnowag\u0119 i skuteczno\u015b\u0107.<\/p>\n\n            <\/div>\n                  <\/div>\n            <\/div>\n<\/section>\n\n\n<section class=\"simple-content align b-section my-10 md:my-20\" style=\"\">\n    \n    <div class=\"wrapper px-4 md:px-6\">\n        <div class=\"max-w-[610px] mx-auto [&#038;_p]:mb-5\" data-gsap=\"fade-in-up\">\n                            <div class=\"text-gold mb-10 text-center\">\n                    <h2\n                        class=\"heading-secondary tk-ivyora-display font-medium text-[24px] md:text-[38px] lg:text-[42px] leading-[24px] md:leading-[38px] lg:leading-[42px] \">\n                        Misja\n                    <\/h2>\n                <\/div>\n                                        <p>Nasza misja to opowie\u015b\u0107 o nadziei i odwadze \u2013 chcemy, aby ka\u017cdy produkt \u0142\u0105czy\u0142 si\u0142\u0119 nauki z moc\u0105 natury, inspiruj\u0105c kobiety i m\u0119\u017cczyzn do dbania o siebie w pe\u0142ni \u015bwiadomie. D\u0105\u017cymy do tego, by wspiera\u0107 zdrowie i dobrostan os\u00f3b wra\u017cliwych, oferuj\u0105c im wy\u0142\u0105cznie najlepsze, oparte na badaniach formu\u0142y.<\/p>\n<p>Dzi\u0119ki emocjonalnej historii, jak\u0105 niesie nasza za\u0142o\u017cycielka, z wdzi\u0119czno\u015bci\u0105 s\u0142u\u017cymy jej do\u015bwiadczeniami, a warto\u015bci premium, innowacyjno\u015bci i rzetelno\u015bci s\u0105 dla nas drogowskazem w realizacji codziennego celu \u2013 budowania zdrowia i r\u00f3wnowagi u naszych klient\u00f3w.<\/p>\n\n                                        <div class=\"flex justify-center \">\n                    <div class=\"hidden md:inline-flex mt-14\">\n                        <a class=\"ctaBtn primary lg px-16 py-2 \" href=\"\/sklep\/\" target=\"_self\" data-astro-cid-uzqn6jkr=\"\">\n                            <span class=\"content\" data-astro-cid-uzqn6jkr=\"\">\n                                SPRAWD\u0179\n                            <\/span>\n                        <\/a>\n                    <\/div>\n                    <div class=\"md:hidden mt-12\">\n                        <a class=\"ctaBtn primary sm px-16 py-2 \" href=\"\/sklep\/\" target=\"_self\"\n                            data-astro-cid-uzqn6jkr=\"\">\n                            <span class=\"content\" data-astro-cid-uzqn6jkr=\"\">\n                                SPRAWD\u0179\n                            <\/span>\n                        <\/a>\n                    <\/div>\n                <\/div>\n                    <\/div>\n    <\/div>\n<\/section>\n","protected":false},"excerpt":{"rendered":"","protected":false},"author":1,"featured_media":0,"parent":0,"menu_order":0,"comment_status":"closed","ping_status":"closed","template":"","meta":{"footnotes":""},"class_list":["post-22","page","type-page","status-publish","hentry"],"acf":[],"_links":{"self":[{"href":"https:\/\/pretty-care.com\/en\/wp-json\/wp\/v2\/pages\/22","targetHints":{"allow":["GET"]}}],"collection":[{"href":"https:\/\/pretty-care.com\/en\/wp-json\/wp\/v2\/pages"}],"about":[{"href":"https:\/\/pretty-care.com\/en\/wp-json\/wp\/v2\/types\/page"}],"author":[{"embeddable":true,"href":"https:\/\/pretty-care.com\/en\/wp-json\/wp\/v2\/users\/1"}],"replies":[{"embeddable":true,"href":"https:\/\/pretty-care.com\/en\/wp-json\/wp\/v2\/comments?post=22"}],"version-history":[{"count":26,"href":"https:\/\/pretty-care.com\/en\/wp-json\/wp\/v2\/pages\/22\/revisions"}],"predecessor-version":[{"id":144187,"href":"https:\/\/pretty-care.com\/en\/wp-json\/wp\/v2\/pages\/22\/revisions\/144187"}],"wp:attachment":[{"href":"https:\/\/pretty-care.com\/en\/wp-json\/wp\/v2\/media?parent=22"}],"curies":[{"name":"wp","href":"https:\/\/api.w.org\/{rel}","templated":true}]}}