{"id":163430,"date":"2026-02-24T19:11:57","date_gmt":"2026-02-24T18:11:57","guid":{"rendered":"https:\/\/pretty-care.com\/?post_type=product&#038;p=163430"},"modified":"2026-04-20T16:55:15","modified_gmt":"2026-04-20T15:55:15","slug":"deep-sleep-elixir","status":"publish","type":"product","link":"https:\/\/pretty-care.com\/en\/product\/deep-sleep-elixir\/","title":{"rendered":"Deep Sleep Elixir"},"content":{"rendered":"<h3 data-start=\"563\" data-end=\"604\">A sleep formula that works deeper<\/h3>\n<p data-start=\"606\" data-end=\"782\"><strong data-start=\"606\" data-end=\"627\">Deep Sleep Elixir<\/strong> is a modern, <strong data-start=\"643\" data-end=\"672\">natural sleep formula<\/strong>developed for people <strong data-start=\"714\" data-end=\"781\">who want to fall asleep faster, sleep more deeply, and wake up truly rested.<\/strong>.<\/p>\n<p data-start=\"784\" data-end=\"980\">Its uniqueness lies in the fact that, in addition to supporting sleep, <strong data-start=\"840\" data-end=\"909\">it simultaneously supports intestinal regeneration and their natural barrier integrity,<\/strong>\u00a0because true calming of the body begins in the gut.<\/p>\n<p><strong>Directions:\u00a0<\/strong>15 ml (1 tablespoon) in the evening, diluted in approximately 50 ml of water. One bottle (500 ml) provides 33 servings.<br \/>\n<strong>Storage:<\/strong> Store in the refrigerator after opening.<br \/>\n<strong>Daily cost:<\/strong>\u00a0approx. 1 Euro.<\/p>\n<p><strong>DO NOT DRINK THE PRODUCT DIRECTLY FROM THE BOTTLE.<\/strong><\/p>\n<h3 data-start=\"987\" data-end=\"1033\">Why does Deep Sleep Elixir support sleep?<\/h3>\n<p data-start=\"1035\" data-end=\"1170\">The formula was specifically designed for the evening and is based on ingredients that <strong data-start=\"1123\" data-end=\"1169\">support the body\u2019s natural calming process<\/strong>:<\/p>\n<ul data-start=\"1171\" data-end=\"1375\">\n<li data-start=\"1171\" data-end=\"1248\">\n<p data-start=\"1173\" data-end=\"1248\"><strong data-start=\"1173\" data-end=\"1181\">GABA<\/strong> \u2013 a key neurotransmitter responsible for relaxation and the onset of sleep<\/p>\n<\/li>\n<li data-start=\"1249\" data-end=\"1326\">\n<p data-start=\"1251\" data-end=\"1326\"><strong data-start=\"1251\" data-end=\"1264\">CALMOMIX\u00ae<\/strong> \u2013 a standardized plant complex that supports restful sleep<\/p>\n<\/li>\n<li data-start=\"1327\" data-end=\"1375\">\n<p data-start=\"1329\" data-end=\"1375\">fermented extracts: lemon balm, hops, hawthorn<\/p>\n<\/li>\n<li data-start=\"1327\" data-end=\"1375\">\n<p data-start=\"1329\" data-end=\"1375\">liquid form, rapid availability of active ingredients<\/p>\n<\/li>\n<li data-start=\"1327\" data-end=\"1375\">sugar-free<\/li>\n<\/ul>\n<p data-start=\"1377\" data-end=\"1474\">It\u2019s <strong data-start=\"1380\" data-end=\"1399\">sleep formula<\/strong>that aligns with the body\u2019s natural physiological rhythm without causing a feeling of heaviness.<\/p>\n<h3 data-start=\"1481\" data-end=\"1523\">Additional, unique function: the gut<\/h3>\n<p data-start=\"1525\" data-end=\"1640\">What sets <strong data-start=\"1541\" data-end=\"1562\">Deep Sleep Elixir<\/strong>apart is that <strong data-start=\"1576\" data-end=\"1639\">while the body is falling asleep, the formula also supports the gut<\/strong>:<\/p>\n<ul data-start=\"1641\" data-end=\"1775\">\n<li data-start=\"1641\" data-end=\"1683\">\n<p data-start=\"1643\" data-end=\"1683\">postbiotics from <strong data-start=\"1657\" data-end=\"1681\">19 strains of bacteria<\/strong><\/p>\n<\/li>\n<li data-start=\"1684\" data-end=\"1728\">\n<p data-start=\"1686\" data-end=\"1728\">support for intestinal regeneration after a full day<\/p>\n<\/li>\n<li data-start=\"1729\" data-end=\"1775\">\n<p data-start=\"1731\" data-end=\"1775\">supporting the integrity of the intestinal barrier<\/p>\n<\/li>\n<li data-start=\"1729\" data-end=\"1775\">influencing the gut\u2013brain axis<\/li>\n<\/ul>\n<p data-start=\"1777\" data-end=\"1839\">As a result, sleep becomes <strong data-start=\"1803\" data-end=\"1838\">deeper and more restorative<\/strong>.<\/p>","protected":false},"excerpt":{"rendered":"<p>Preparat na sen, kt\u00f3ry dzia\u0142a g\u0142\u0119biej Deep Sleep Elixir to nowoczesny, naturalny preparat na sen, stworzony z my\u015bl\u0105 o osobach, kt\u00f3re chc\u0105 szybciej zasypia\u0107, spa\u0107 g\u0142\u0119biej i budzi\u0107 si\u0119 naprawd\u0119 wypocz\u0119te. Jego wyj\u0105tkowo\u015b\u0107 polega na tym, \u017ce opr\u00f3cz wsparcia snu, jednocze\u015bnie wspiera regeneracj\u0119 jelit i ich naturaln\u0105 szczelno\u015b\u0107,\u00a0bo to w\u0142a\u015bnie w jelitach zaczyna si\u0119 prawdziwe &hellip; <a href=\"https:\/\/pretty-care.com\/en\/product\/deep-sleep-elixir\/\">Continued<\/a><\/p>","protected":false},"featured_media":199456,"comment_status":"closed","ping_status":"closed","template":"","meta":[],"product_brand":[],"product_cat":[70],"product_tag":[51,24,22,25,53,56,55,54],"class_list":{"0":"post-163430","1":"product","2":"type-product","3":"status-publish","4":"has-post-thumbnail","6":"product_cat-na-sen","7":"product_tag-badany-laboratoryjnie","8":"product_tag-czysty-sklad","9":"product_tag-polski-produkt","10":"product_tag-postbiotyk","11":"product_tag-postbiotyk-na-sen","12":"product_tag-preparat-na-sen","13":"product_tag-sen","14":"product_tag-suplement-na-sen","16":"first","17":"instock","18":"taxable","19":"shipping-taxable","20":"purchasable","21":"product-type-simple"},"acf":[],"_links":{"self":[{"href":"https:\/\/pretty-care.com\/en\/wp-json\/wp\/v2\/product\/163430","targetHints":{"allow":["GET"]}}],"collection":[{"href":"https:\/\/pretty-care.com\/en\/wp-json\/wp\/v2\/product"}],"about":[{"href":"https:\/\/pretty-care.com\/en\/wp-json\/wp\/v2\/types\/product"}],"replies":[{"embeddable":true,"href":"https:\/\/pretty-care.com\/en\/wp-json\/wp\/v2\/comments?post=163430"}],"wp:featuredmedia":[{"embeddable":true,"href":"https:\/\/pretty-care.com\/en\/wp-json\/wp\/v2\/media\/199456"}],"wp:attachment":[{"href":"https:\/\/pretty-care.com\/en\/wp-json\/wp\/v2\/media?parent=163430"}],"wp:term":[{"taxonomy":"product_brand","embeddable":true,"href":"https:\/\/pretty-care.com\/en\/wp-json\/wp\/v2\/product_brand?post=163430"},{"taxonomy":"product_cat","embeddable":true,"href":"https:\/\/pretty-care.com\/en\/wp-json\/wp\/v2\/product_cat?post=163430"},{"taxonomy":"product_tag","embeddable":true,"href":"https:\/\/pretty-care.com\/en\/wp-json\/wp\/v2\/product_tag?post=163430"}],"curies":[{"name":"wp","href":"https:\/\/api.w.org\/{rel}","templated":true}]}}